{"id":53,"date":"2019-04-18T11:16:34","date_gmt":"2019-04-18T11:16:34","guid":{"rendered":"https:\/\/envothemes.com\/envo-ecommerce\/?page_id=53"},"modified":"2022-08-05T14:52:50","modified_gmt":"2022-08-05T14:52:50","slug":"about-us","status":"publish","type":"page","link":"https:\/\/redlineequipment.cl\/index.php\/about-us\/","title":{"rendered":"About Us"},"content":{"rendered":"\t\t<div data-elementor-type=\"wp-post\" data-elementor-id=\"53\" class=\"elementor elementor-53\">\n\t\t\t\t\t\t<section class=\"elementor-section elementor-top-section elementor-element elementor-element-2b5c2656 elementor-section-boxed elementor-section-height-default elementor-section-height-default\" data-id=\"2b5c2656\" data-element_type=\"section\" data-e-type=\"section\" data-settings=\"{&quot;background_background&quot;:&quot;classic&quot;}\">\n\t\t\t\t\t\t<div class=\"elementor-container elementor-column-gap-default\">\n\t\t\t\t\t<div class=\"elementor-column elementor-col-100 elementor-top-column elementor-element elementor-element-6a2380e3\" data-id=\"6a2380e3\" data-element_type=\"column\" data-e-type=\"column\">\n\t\t\t<div class=\"elementor-widget-wrap elementor-element-populated\">\n\t\t\t\t\t\t<div class=\"elementor-element elementor-element-7dcf8e7e elementor-widget elementor-widget-heading\" data-id=\"7dcf8e7e\" data-element_type=\"widget\" data-e-type=\"widget\" data-widget_type=\"heading.default\">\n\t\t\t\t<div class=\"elementor-widget-container\">\n\t\t\t\t\t<h3 class=\"elementor-heading-title elementor-size-default\">Equipment<\/h3>\t\t\t\t<\/div>\n\t\t\t\t<\/div>\n\t\t\t\t<div class=\"elementor-element elementor-element-5cb5fbab elementor-widget elementor-widget-heading\" data-id=\"5cb5fbab\" data-element_type=\"widget\" data-e-type=\"widget\" data-widget_type=\"heading.default\">\n\t\t\t\t<div class=\"elementor-widget-container\">\n\t\t\t\t\t<h2 class=\"elementor-heading-title elementor-size-default\">Red Line<\/h2>\t\t\t\t<\/div>\n\t\t\t\t<\/div>\n\t\t\t\t<div class=\"elementor-element elementor-element-13a0f5ed elementor-widget-divider--view-line elementor-widget elementor-widget-divider\" data-id=\"13a0f5ed\" data-element_type=\"widget\" data-e-type=\"widget\" data-widget_type=\"divider.default\">\n\t\t\t\t<div class=\"elementor-widget-container\">\n\t\t\t\t\t\t\t<div class=\"elementor-divider\">\n\t\t\t<span class=\"elementor-divider-separator\">\n\t\t\t\t\t\t<\/span>\n\t\t<\/div>\n\t\t\t\t\t\t<\/div>\n\t\t\t\t<\/div>\n\t\t\t\t<div class=\"elementor-element elementor-element-61bd2cd5 elementor-widget elementor-widget-text-editor\" data-id=\"61bd2cd5\" data-element_type=\"widget\" data-e-type=\"widget\" data-widget_type=\"text-editor.default\">\n\t\t\t\t<div class=\"elementor-widget-container\">\n\t\t\t\t\t\t\t\t\t<p>Tienda de repuestos y accesorios para autom\u00f3viles<\/p>\t\t\t\t\t\t\t\t<\/div>\n\t\t\t\t<\/div>\n\t\t\t\t\t<\/div>\n\t\t<\/div>\n\t\t\t\t\t<\/div>\n\t\t<\/section>\n\t\t\t\t<section class=\"elementor-section elementor-top-section elementor-element elementor-element-41b4fead elementor-reverse-mobile elementor-section-boxed elementor-section-height-default elementor-section-height-default\" data-id=\"41b4fead\" data-element_type=\"section\" data-e-type=\"section\" data-settings=\"{&quot;background_background&quot;:&quot;classic&quot;}\">\n\t\t\t\t\t\t\t<div class=\"elementor-background-overlay\"><\/div>\n\t\t\t\t\t\t\t<div class=\"elementor-container elementor-column-gap-default\">\n\t\t\t\t\t<div class=\"elementor-column elementor-col-50 elementor-top-column elementor-element elementor-element-205bc7ca\" data-id=\"205bc7ca\" data-element_type=\"column\" data-e-type=\"column\">\n\t\t\t<div class=\"elementor-widget-wrap elementor-element-populated\">\n\t\t\t\t\t\t<div class=\"elementor-element elementor-element-249d9a elementor-widget elementor-widget-heading\" data-id=\"249d9a\" data-element_type=\"widget\" data-e-type=\"widget\" data-widget_type=\"heading.default\">\n\t\t\t\t<div class=\"elementor-widget-container\">\n\t\t\t\t\t<h2 class=\"elementor-heading-title elementor-size-default\">NOSOTROS<\/h2>\t\t\t\t<\/div>\n\t\t\t\t<\/div>\n\t\t\t\t<div class=\"elementor-element elementor-element-c8d7c01 elementor-widget elementor-widget-text-editor\" data-id=\"c8d7c01\" data-element_type=\"widget\" data-e-type=\"widget\" data-widget_type=\"text-editor.default\">\n\t\t\t\t<div class=\"elementor-widget-container\">\n\t\t\t\t\t\t\t\t\t<p>Somos un equipo de profesionales que trabajamos con altos estandares de calidad para entregar as\u00ed una correcta atenci\u00f3n a nuestros clientes.<\/p><p>Estamos ubicados en el coraz\u00f3n de la comuna de Talagante. Contamos con estacionamiento para recibir y atender a todos quienes quieran visitarnos.<\/p><p>Ac\u00e9rcate, te esperamos.<\/p>\t\t\t\t\t\t\t\t<\/div>\n\t\t\t\t<\/div>\n\t\t\t\t<div class=\"elementor-element elementor-element-4cc6956d elementor-align-left elementor-widget elementor-widget-button\" data-id=\"4cc6956d\" data-element_type=\"widget\" data-e-type=\"widget\" data-widget_type=\"button.default\">\n\t\t\t\t<div class=\"elementor-widget-container\">\n\t\t\t\t\t\t\t\t\t<div class=\"elementor-button-wrapper\">\n\t\t\t\t\t<a class=\"elementor-button elementor-button-link elementor-size-sm\" href=\"https:\/\/redlineequipment.cl\/index.php\/shop\/\">\n\t\t\t\t\t\t<span class=\"elementor-button-content-wrapper\">\n\t\t\t\t\t\t<span class=\"elementor-button-icon\">\n\t\t\t\t<i aria-hidden=\"true\" class=\"fas fa-shopping-cart\"><\/i>\t\t\t<\/span>\n\t\t\t\t\t\t\t\t\t<span class=\"elementor-button-text\">VER TIENDA<\/span>\n\t\t\t\t\t<\/span>\n\t\t\t\t\t<\/a>\n\t\t\t\t<\/div>\n\t\t\t\t\t\t\t\t<\/div>\n\t\t\t\t<\/div>\n\t\t\t\t\t<\/div>\n\t\t<\/div>\n\t\t\t\t<div class=\"elementor-column elementor-col-50 elementor-top-column elementor-element elementor-element-18fb9eb3\" data-id=\"18fb9eb3\" data-element_type=\"column\" data-e-type=\"column\" data-settings=\"{&quot;background_background&quot;:&quot;classic&quot;}\">\n\t\t\t<div class=\"elementor-widget-wrap elementor-element-populated\">\n\t\t\t\t\t<div class=\"elementor-background-overlay\"><\/div>\n\t\t\t\t\t\t<div class=\"elementor-element elementor-element-4d78e5c elementor-widget elementor-widget-image\" data-id=\"4d78e5c\" data-element_type=\"widget\" data-e-type=\"widget\" data-widget_type=\"image.default\">\n\t\t\t\t<div class=\"elementor-widget-container\">\n\t\t\t\t\t\t\t\t\t\t\t\t\t\t\t<img fetchpriority=\"high\" decoding=\"async\" width=\"847\" height=\"635\" src=\"https:\/\/redlineequipment.cl\/wp-content\/uploads\/2022\/08\/276141416_5211022225584661_9189100575750140698_n-1024x768.jpg\" class=\"attachment-large size-large wp-image-1116\" alt=\"\" srcset=\"https:\/\/redlineequipment.cl\/wp-content\/uploads\/2022\/08\/276141416_5211022225584661_9189100575750140698_n-1024x768.jpg 1024w, https:\/\/redlineequipment.cl\/wp-content\/uploads\/2022\/08\/276141416_5211022225584661_9189100575750140698_n-300x225.jpg 300w, https:\/\/redlineequipment.cl\/wp-content\/uploads\/2022\/08\/276141416_5211022225584661_9189100575750140698_n-768x576.jpg 768w, https:\/\/redlineequipment.cl\/wp-content\/uploads\/2022\/08\/276141416_5211022225584661_9189100575750140698_n-1536x1152.jpg 1536w, https:\/\/redlineequipment.cl\/wp-content\/uploads\/2022\/08\/276141416_5211022225584661_9189100575750140698_n-600x450.jpg 600w, https:\/\/redlineequipment.cl\/wp-content\/uploads\/2022\/08\/276141416_5211022225584661_9189100575750140698_n.jpg 2048w\" sizes=\"(max-width: 847px) 100vw, 847px\" \/>\t\t\t\t\t\t\t\t\t\t\t\t\t\t\t<\/div>\n\t\t\t\t<\/div>\n\t\t\t\t\t<\/div>\n\t\t<\/div>\n\t\t\t\t\t<\/div>\n\t\t<\/section>\n\t\t\t\t<section class=\"elementor-section elementor-top-section elementor-element elementor-element-161d50ee elementor-section-full_width elementor-section-height-default elementor-section-height-default\" data-id=\"161d50ee\" data-element_type=\"section\" data-e-type=\"section\" data-settings=\"{&quot;background_background&quot;:&quot;classic&quot;}\">\n\t\t\t\t\t\t<div class=\"elementor-container elementor-column-gap-no\">\n\t\t\t\t\t<div class=\"elementor-column elementor-col-33 elementor-top-column elementor-element elementor-element-3a7f98aa\" data-id=\"3a7f98aa\" data-element_type=\"column\" data-e-type=\"column\">\n\t\t\t<div class=\"elementor-widget-wrap\">\n\t\t\t\t\t\t\t<\/div>\n\t\t<\/div>\n\t\t\t\t<div class=\"elementor-column elementor-col-33 elementor-top-column elementor-element elementor-element-24726dbd\" data-id=\"24726dbd\" data-element_type=\"column\" data-e-type=\"column\">\n\t\t\t<div class=\"elementor-widget-wrap elementor-element-populated\">\n\t\t\t\t\t\t<div class=\"elementor-element elementor-element-6b8db010 elementor-widget elementor-widget-heading\" data-id=\"6b8db010\" data-element_type=\"widget\" data-e-type=\"widget\" data-widget_type=\"heading.default\">\n\t\t\t\t<div class=\"elementor-widget-container\">\n\t\t\t\t\t<h2 class=\"elementor-heading-title elementor-size-default\">Experiencia y Calidad<\/h2>\t\t\t\t<\/div>\n\t\t\t\t<\/div>\n\t\t\t\t<div class=\"elementor-element elementor-element-201183f8 elementor-widget elementor-widget-text-editor\" data-id=\"201183f8\" data-element_type=\"widget\" data-e-type=\"widget\" data-widget_type=\"text-editor.default\">\n\t\t\t\t<div class=\"elementor-widget-container\">\n\t\t\t\t\t\t\t\t\t<p>Los a\u00f1os de trabajo en el rubro nos dan prestigio y avalan nuestros proyectos.\u00a0<\/p><p>Somos una empresa que cuenta con instaladores certificados, seg\u00fan ley vigente y que estamos en constante capacitaci\u00f3n con el unico fin de entregar mejores servicios.\u00a0<br \/>\u00a0<\/p><p>Equipo Red Line Equipment.<\/p>\t\t\t\t\t\t\t\t<\/div>\n\t\t\t\t<\/div>\n\t\t\t\t\t<\/div>\n\t\t<\/div>\n\t\t\t\t<div class=\"elementor-column elementor-col-33 elementor-top-column elementor-element elementor-element-3a0a65af\" data-id=\"3a0a65af\" data-element_type=\"column\" data-e-type=\"column\">\n\t\t\t<div class=\"elementor-widget-wrap elementor-element-populated\">\n\t\t\t\t\t\t<div class=\"elementor-element elementor-element-66ba1133 elementor-widget elementor-widget-image\" data-id=\"66ba1133\" data-element_type=\"widget\" data-e-type=\"widget\" data-widget_type=\"image.default\">\n\t\t\t\t<div class=\"elementor-widget-container\">\n\t\t\t\t\t\t\t\t\t\t\t\t\t\t\t<img decoding=\"async\" width=\"847\" height=\"635\" src=\"https:\/\/redlineequipment.cl\/wp-content\/uploads\/2022\/08\/sello-1024x768.jpg\" class=\"attachment-large size-large wp-image-986\" alt=\"\" srcset=\"https:\/\/redlineequipment.cl\/wp-content\/uploads\/2022\/08\/sello-1024x768.jpg 1024w, https:\/\/redlineequipment.cl\/wp-content\/uploads\/2022\/08\/sello-300x225.jpg 300w, https:\/\/redlineequipment.cl\/wp-content\/uploads\/2022\/08\/sello-768x576.jpg 768w, https:\/\/redlineequipment.cl\/wp-content\/uploads\/2022\/08\/sello-600x450.jpg 600w, https:\/\/redlineequipment.cl\/wp-content\/uploads\/2022\/08\/sello.jpg 1440w\" sizes=\"(max-width: 847px) 100vw, 847px\" \/>\t\t\t\t\t\t\t\t\t\t\t\t\t\t\t<\/div>\n\t\t\t\t<\/div>\n\t\t\t\t\t<\/div>\n\t\t<\/div>\n\t\t\t\t\t<\/div>\n\t\t<\/section>\n\t\t\t\t<\/div>\n\t\t","protected":false},"excerpt":{"rendered":"<p>Equipment Red Line Tienda de repuestos y accesorios para autom\u00f3viles NOSOTROS Somos un equipo de profesionales que trabajamos con altos estandares de calidad para entregar as\u00ed una correcta atenci\u00f3n a nuestros clientes. Estamos ubicados en el coraz\u00f3n de la comuna de Talagante. Contamos con estacionamiento&hellip;<\/p>\n","protected":false},"author":1,"featured_media":0,"parent":0,"menu_order":0,"comment_status":"closed","ping_status":"closed","template":"template-parts\/template-page-builders.php","meta":{"footnotes":""},"class_list":["post-53","page","type-page","status-publish","hentry"],"_links":{"self":[{"href":"https:\/\/redlineequipment.cl\/index.php\/wp-json\/wp\/v2\/pages\/53","targetHints":{"allow":["GET"]}}],"collection":[{"href":"https:\/\/redlineequipment.cl\/index.php\/wp-json\/wp\/v2\/pages"}],"about":[{"href":"https:\/\/redlineequipment.cl\/index.php\/wp-json\/wp\/v2\/types\/page"}],"author":[{"embeddable":true,"href":"https:\/\/redlineequipment.cl\/index.php\/wp-json\/wp\/v2\/users\/1"}],"replies":[{"embeddable":true,"href":"https:\/\/redlineequipment.cl\/index.php\/wp-json\/wp\/v2\/comments?post=53"}],"version-history":[{"count":36,"href":"https:\/\/redlineequipment.cl\/index.php\/wp-json\/wp\/v2\/pages\/53\/revisions"}],"predecessor-version":[{"id":1154,"href":"https:\/\/redlineequipment.cl\/index.php\/wp-json\/wp\/v2\/pages\/53\/revisions\/1154"}],"wp:attachment":[{"href":"https:\/\/redlineequipment.cl\/index.php\/wp-json\/wp\/v2\/media?parent=53"}],"curies":[{"name":"wp","href":"https:\/\/api.w.org\/{rel}","templated":true}]}}