{"id":1649,"date":"2023-02-14T14:18:27","date_gmt":"2023-02-14T14:18:27","guid":{"rendered":"https:\/\/redlineequipment.cl\/?post_type=product&#038;p=1649"},"modified":"2023-02-14T14:18:27","modified_gmt":"2023-02-14T14:18:27","slug":"neblineros-originales-bt50-2011-19","status":"publish","type":"product","link":"https:\/\/redlineequipment.cl\/index.php\/producto\/neblineros-originales-bt50-2011-19\/","title":{"rendered":"NEBLINEROS ORIGINALES BT50 2011-19"},"content":{"rendered":"","protected":false},"excerpt":{"rendered":"<p>Set de neblineros incluye Biseles, Focos con ampolletas hal\u00f3genas con ramal bot\u00f3n  para conexi\u00f3n original (no incluye instalaci\u00f3n)<\/p>\n","protected":false},"featured_media":1650,"template":"","meta":[],"product_brand":[],"product_cat":[49],"product_tag":[],"class_list":{"0":"post-1649","1":"product","2":"type-product","3":"status-publish","4":"has-post-thumbnail","6":"product_cat-neblineros","8":"first","9":"instock","10":"shipping-taxable","11":"product-type-simple"},"_links":{"self":[{"href":"https:\/\/redlineequipment.cl\/index.php\/wp-json\/wp\/v2\/product\/1649","targetHints":{"allow":["GET"]}}],"collection":[{"href":"https:\/\/redlineequipment.cl\/index.php\/wp-json\/wp\/v2\/product"}],"about":[{"href":"https:\/\/redlineequipment.cl\/index.php\/wp-json\/wp\/v2\/types\/product"}],"wp:featuredmedia":[{"embeddable":true,"href":"https:\/\/redlineequipment.cl\/index.php\/wp-json\/wp\/v2\/media\/1650"}],"wp:attachment":[{"href":"https:\/\/redlineequipment.cl\/index.php\/wp-json\/wp\/v2\/media?parent=1649"}],"wp:term":[{"taxonomy":"product_brand","embeddable":true,"href":"https:\/\/redlineequipment.cl\/index.php\/wp-json\/wp\/v2\/product_brand?post=1649"},{"taxonomy":"product_cat","embeddable":true,"href":"https:\/\/redlineequipment.cl\/index.php\/wp-json\/wp\/v2\/product_cat?post=1649"},{"taxonomy":"product_tag","embeddable":true,"href":"https:\/\/redlineequipment.cl\/index.php\/wp-json\/wp\/v2\/product_tag?post=1649"}],"curies":[{"name":"wp","href":"https:\/\/api.w.org\/{rel}","templated":true}]}}