{"id":3135,"date":"2023-10-13T15:37:11","date_gmt":"2023-10-13T15:37:11","guid":{"rendered":"https:\/\/redlineequipment.cl\/?post_type=product&#038;p=3135"},"modified":"2023-10-13T15:45:24","modified_gmt":"2023-10-13T15:45:24","slug":"renovador-senfineco","status":"publish","type":"product","link":"https:\/\/redlineequipment.cl\/index.php\/producto\/renovador-senfineco\/","title":{"rendered":"RENOVADOR 650ML"},"content":{"rendered":"<p>Restaura el aspecto original de los neum\u00e1ticos sin cepillo ni agua. Contiene  una mayor cantidad de detergentes activos y pol\u00edmeros que protegen la goma de larga duraci\u00f3n. Limpia, resalta el color oscuro de las llantas y las protege del envejecimiento y el agrietamiento.<\/p>\n","protected":false},"excerpt":{"rendered":"<p>Renovador de Neum\u00e1ticos 650ml<\/p>\n","protected":false},"featured_media":3136,"template":"","meta":[],"product_brand":[],"product_cat":[124],"product_tag":[],"class_list":{"0":"post-3135","1":"product","2":"type-product","3":"status-publish","4":"has-post-thumbnail","6":"product_cat-senfineco","8":"first","9":"instock","10":"shipping-taxable","11":"purchasable","12":"product-type-simple"},"_links":{"self":[{"href":"https:\/\/redlineequipment.cl\/index.php\/wp-json\/wp\/v2\/product\/3135","targetHints":{"allow":["GET"]}}],"collection":[{"href":"https:\/\/redlineequipment.cl\/index.php\/wp-json\/wp\/v2\/product"}],"about":[{"href":"https:\/\/redlineequipment.cl\/index.php\/wp-json\/wp\/v2\/types\/product"}],"wp:featuredmedia":[{"embeddable":true,"href":"https:\/\/redlineequipment.cl\/index.php\/wp-json\/wp\/v2\/media\/3136"}],"wp:attachment":[{"href":"https:\/\/redlineequipment.cl\/index.php\/wp-json\/wp\/v2\/media?parent=3135"}],"wp:term":[{"taxonomy":"product_brand","embeddable":true,"href":"https:\/\/redlineequipment.cl\/index.php\/wp-json\/wp\/v2\/product_brand?post=3135"},{"taxonomy":"product_cat","embeddable":true,"href":"https:\/\/redlineequipment.cl\/index.php\/wp-json\/wp\/v2\/product_cat?post=3135"},{"taxonomy":"product_tag","embeddable":true,"href":"https:\/\/redlineequipment.cl\/index.php\/wp-json\/wp\/v2\/product_tag?post=3135"}],"curies":[{"name":"wp","href":"https:\/\/api.w.org\/{rel}","templated":true}]}}