{"id":599,"date":"2022-08-04T01:03:11","date_gmt":"2022-08-04T01:03:11","guid":{"rendered":"https:\/\/redlineequipment.cl\/?post_type=product&#038;p=599"},"modified":"2025-01-07T15:54:47","modified_gmt":"2025-01-07T15:54:47","slug":"radio-android-de-7","status":"publish","type":"product","link":"https:\/\/redlineequipment.cl\/index.php\/producto\/radio-android-de-7\/","title":{"rendered":"RADIO UNIVERSAL ANDROID DE 7&#8243;"},"content":{"rendered":"","protected":false},"excerpt":{"rendered":"<p>RADIO UNIVERSAL ANDROID DE 7&#8243; compatible con cualquier modelo de veh\u00edculo 16g de capacidad, pantalla t\u00e1ctil full HD, WiFi,Radio,coneccion a c\u00e1mara de Retroceso, USB ,GPS Y MAPS ,Varias APPS . &#8221; VALOR NO INCLUYE INSTALACION &#8220;.<\/p>\n","protected":false},"featured_media":3131,"template":"","meta":[],"product_brand":[],"product_cat":[39],"product_tag":[],"class_list":{"0":"post-599","1":"product","2":"type-product","3":"status-publish","4":"has-post-thumbnail","6":"product_cat-radio","8":"first","9":"instock","10":"shipping-taxable","11":"purchasable","12":"product-type-simple"},"_links":{"self":[{"href":"https:\/\/redlineequipment.cl\/index.php\/wp-json\/wp\/v2\/product\/599","targetHints":{"allow":["GET"]}}],"collection":[{"href":"https:\/\/redlineequipment.cl\/index.php\/wp-json\/wp\/v2\/product"}],"about":[{"href":"https:\/\/redlineequipment.cl\/index.php\/wp-json\/wp\/v2\/types\/product"}],"wp:featuredmedia":[{"embeddable":true,"href":"https:\/\/redlineequipment.cl\/index.php\/wp-json\/wp\/v2\/media\/3131"}],"wp:attachment":[{"href":"https:\/\/redlineequipment.cl\/index.php\/wp-json\/wp\/v2\/media?parent=599"}],"wp:term":[{"taxonomy":"product_brand","embeddable":true,"href":"https:\/\/redlineequipment.cl\/index.php\/wp-json\/wp\/v2\/product_brand?post=599"},{"taxonomy":"product_cat","embeddable":true,"href":"https:\/\/redlineequipment.cl\/index.php\/wp-json\/wp\/v2\/product_cat?post=599"},{"taxonomy":"product_tag","embeddable":true,"href":"https:\/\/redlineequipment.cl\/index.php\/wp-json\/wp\/v2\/product_tag?post=599"}],"curies":[{"name":"wp","href":"https:\/\/api.w.org\/{rel}","templated":true}]}}