{"id":618,"date":"2022-08-04T02:04:43","date_gmt":"2022-08-04T02:04:43","guid":{"rendered":"https:\/\/redlineequipment.cl\/?post_type=product&#038;p=618"},"modified":"2022-08-04T02:04:43","modified_gmt":"2022-08-04T02:04:43","slug":"parlantes-rockford-r1-de-65","status":"publish","type":"product","link":"https:\/\/redlineequipment.cl\/index.php\/producto\/parlantes-rockford-r1-de-65\/","title":{"rendered":"PARLANTES ROCKFORD R1 DE 6,5&#8243;"},"content":{"rendered":"","protected":false},"excerpt":{"rendered":"<p>Altavoces de gran calidad de sonido 3 v\u00edas 90w 45rms , 16cm de Di\u00e1metro,f\u00e1cil instalaci\u00f3n.<\/p>\n","protected":false},"featured_media":619,"template":"","meta":[],"product_brand":[],"product_cat":[42],"product_tag":[],"class_list":{"0":"post-618","1":"product","2":"type-product","3":"status-publish","4":"has-post-thumbnail","6":"product_cat-altavoces","8":"first","9":"instock","10":"shipping-taxable","11":"purchasable","12":"product-type-simple"},"_links":{"self":[{"href":"https:\/\/redlineequipment.cl\/index.php\/wp-json\/wp\/v2\/product\/618","targetHints":{"allow":["GET"]}}],"collection":[{"href":"https:\/\/redlineequipment.cl\/index.php\/wp-json\/wp\/v2\/product"}],"about":[{"href":"https:\/\/redlineequipment.cl\/index.php\/wp-json\/wp\/v2\/types\/product"}],"wp:featuredmedia":[{"embeddable":true,"href":"https:\/\/redlineequipment.cl\/index.php\/wp-json\/wp\/v2\/media\/619"}],"wp:attachment":[{"href":"https:\/\/redlineequipment.cl\/index.php\/wp-json\/wp\/v2\/media?parent=618"}],"wp:term":[{"taxonomy":"product_brand","embeddable":true,"href":"https:\/\/redlineequipment.cl\/index.php\/wp-json\/wp\/v2\/product_brand?post=618"},{"taxonomy":"product_cat","embeddable":true,"href":"https:\/\/redlineequipment.cl\/index.php\/wp-json\/wp\/v2\/product_cat?post=618"},{"taxonomy":"product_tag","embeddable":true,"href":"https:\/\/redlineequipment.cl\/index.php\/wp-json\/wp\/v2\/product_tag?post=618"}],"curies":[{"name":"wp","href":"https:\/\/api.w.org\/{rel}","templated":true}]}}