{"id":628,"date":"2022-08-04T02:26:49","date_gmt":"2022-08-04T02:26:49","guid":{"rendered":"https:\/\/redlineequipment.cl\/?post_type=product&#038;p=628"},"modified":"2023-10-20T15:10:03","modified_gmt":"2023-10-20T15:10:03","slug":"parlante-nakamichi-65","status":"publish","type":"product","link":"https:\/\/redlineequipment.cl\/index.php\/producto\/parlante-nakamichi-65\/","title":{"rendered":"ALTAVOCES PARLANTE NAKAMICHI 6,5&#8243;"},"content":{"rendered":"","protected":false},"excerpt":{"rendered":"<p>Altavoces de 2 v\u00edas coaxial 200w 30rms , f\u00e1cil instalaci\u00f3n.<\/p>\n","protected":false},"featured_media":3292,"template":"","meta":[],"product_brand":[],"product_cat":[42],"product_tag":[],"class_list":{"0":"post-628","1":"product","2":"type-product","3":"status-publish","4":"has-post-thumbnail","6":"product_cat-altavoces","8":"first","9":"instock","10":"shipping-taxable","11":"purchasable","12":"product-type-simple"},"_links":{"self":[{"href":"https:\/\/redlineequipment.cl\/index.php\/wp-json\/wp\/v2\/product\/628","targetHints":{"allow":["GET"]}}],"collection":[{"href":"https:\/\/redlineequipment.cl\/index.php\/wp-json\/wp\/v2\/product"}],"about":[{"href":"https:\/\/redlineequipment.cl\/index.php\/wp-json\/wp\/v2\/types\/product"}],"wp:featuredmedia":[{"embeddable":true,"href":"https:\/\/redlineequipment.cl\/index.php\/wp-json\/wp\/v2\/media\/3292"}],"wp:attachment":[{"href":"https:\/\/redlineequipment.cl\/index.php\/wp-json\/wp\/v2\/media?parent=628"}],"wp:term":[{"taxonomy":"product_brand","embeddable":true,"href":"https:\/\/redlineequipment.cl\/index.php\/wp-json\/wp\/v2\/product_brand?post=628"},{"taxonomy":"product_cat","embeddable":true,"href":"https:\/\/redlineequipment.cl\/index.php\/wp-json\/wp\/v2\/product_cat?post=628"},{"taxonomy":"product_tag","embeddable":true,"href":"https:\/\/redlineequipment.cl\/index.php\/wp-json\/wp\/v2\/product_tag?post=628"}],"curies":[{"name":"wp","href":"https:\/\/api.w.org\/{rel}","templated":true}]}}