{"id":8639,"date":"2024-08-10T03:56:32","date_gmt":"2024-08-10T03:56:32","guid":{"rendered":"https:\/\/redlineequipment.cl\/?post_type=product&#038;p=8639"},"modified":"2024-08-10T03:57:13","modified_gmt":"2024-08-10T03:57:13","slug":"ultimate-quik-wax","status":"publish","type":"product","link":"https:\/\/redlineequipment.cl\/index.php\/producto\/ultimate-quik-wax\/","title":{"rendered":"ULTIMATE QUIK WAX"},"content":{"rendered":"<p>Ultimate Quik Wax<\/p>\n<p>\u00a1Nuestra Ultimate Quik Wax ahora mejor que nunca! \u00a1Experimente un acabado m\u00e1s brillante, con mayor protecci\u00f3n y una superior repelencia al agua! \u00bfNo cuentas con sombra? \u00a1No hay problema! La cera r\u00e1pida Ultimate Quik Wax de Meguiar&#8217;s se puede usar en cualquier lugar, incluso bajo el sol. En solo minutos, obt\u00e9n resultados similares a los que te entregan las ceras l\u00edquidas o en pasta: brillo espectacular, protecci\u00f3n duradera y una repelencia al agua implacables, \u00a1todo en un spray r\u00e1pido y f\u00e1cil de usar! Con una f\u00f3rmula de pol\u00edmeros mejorada que no blanquea, nuestra Ultimate Quik Wax es segura para todo tipo de capas transparentes y se puede usar en todo tipo de pintura obteniendo una protecci\u00f3n implacable contra el agua que dura semanas.<\/p>\n<p>Instrucciones de uso<br \/>\nProcure lavar y secar bien el veh\u00edculo antes de aplicar la cera.<br \/>\nRoc\u00ede el producto de forma homog\u00e9nea sobre la pintura y a una distancia aproximada de 30 cm.<br \/>\nLimpie y abrillante la pintura de forma inmediata con una toalla de microfibra.<br \/>\nRepita el proceso por toda la carrocer\u00eda y su pintura se mantendr\u00e1 completamente protegida.<\/p>\n<p>Beneficios<br \/>\nNUEVA TECNOLOG\u00cdA DE POL\u00cdMEROS: Deja una barrera hidrof\u00f3bica protectora de mayor duraci\u00f3n.<br \/>\nPERLAS DE AGUA EXTREMA: La tecnolog\u00eda de pol\u00edmeros hidr\u00f3fobos de Meguiar\u2019s proporciona una acci\u00f3n de repelencia al agua implacable.<br \/>\nF\u00c1CIL DE USAR: F\u00e1cil de aplicar y limpiar, a\u00fan en pleno sol.<br \/>\nMAYOR BRILLO Y REFLEJO: La pintura queda con reflejos profundos de aspecto h\u00famedo y un acabado s\u00faper resaltado.<br \/>\nPULVERIZADOR MEJORADO: El nuevo pulverizador proporciona una pulverizaci\u00f3n uniforme que se atomiza a la perfecci\u00f3n.<\/p>\n<p>Nombre: Ultimate Quik Wax<br \/>\nFamilia: Cera<br \/>\nFormato: 452 mL<br \/>\nUnidades x Caja: 6 Unidades<\/p>\n","protected":false},"excerpt":{"rendered":"<p>Beneficios<br \/>\nNUEVA TECNOLOG\u00cdA DE POL\u00cdMEROS: Deja una barrera hidrof\u00f3bica protectora de mayor duraci\u00f3n.<br \/>\nPERLAS DE AGUA EXTREMA: La tecnolog\u00eda de pol\u00edmeros hidr\u00f3fobos de Meguiar\u2019s proporciona una acci\u00f3n de repelencia al agua implacable.<br \/>\nF\u00c1CIL DE USAR: F\u00e1cil de aplicar y limpiar, a\u00fan en pleno sol.<br \/>\nMAYOR BRILLO Y REFLEJO: La pintura queda con reflejos profundos de aspecto h\u00famedo y un acabado s\u00faper resaltado.<br \/>\nPULVERIZADOR MEJORADO: El nuevo pulverizador proporciona una pulverizaci\u00f3n uniforme que se atomiza a la perfecci\u00f3n.<\/p>\n","protected":false},"featured_media":8640,"template":"","meta":[],"product_brand":[],"product_cat":[157],"product_tag":[],"class_list":{"0":"post-8639","1":"product","2":"type-product","3":"status-publish","4":"has-post-thumbnail","6":"product_cat-meguiars","8":"first","9":"instock","10":"shipping-taxable","11":"purchasable","12":"product-type-simple"},"_links":{"self":[{"href":"https:\/\/redlineequipment.cl\/index.php\/wp-json\/wp\/v2\/product\/8639","targetHints":{"allow":["GET"]}}],"collection":[{"href":"https:\/\/redlineequipment.cl\/index.php\/wp-json\/wp\/v2\/product"}],"about":[{"href":"https:\/\/redlineequipment.cl\/index.php\/wp-json\/wp\/v2\/types\/product"}],"wp:featuredmedia":[{"embeddable":true,"href":"https:\/\/redlineequipment.cl\/index.php\/wp-json\/wp\/v2\/media\/8640"}],"wp:attachment":[{"href":"https:\/\/redlineequipment.cl\/index.php\/wp-json\/wp\/v2\/media?parent=8639"}],"wp:term":[{"taxonomy":"product_brand","embeddable":true,"href":"https:\/\/redlineequipment.cl\/index.php\/wp-json\/wp\/v2\/product_brand?post=8639"},{"taxonomy":"product_cat","embeddable":true,"href":"https:\/\/redlineequipment.cl\/index.php\/wp-json\/wp\/v2\/product_cat?post=8639"},{"taxonomy":"product_tag","embeddable":true,"href":"https:\/\/redlineequipment.cl\/index.php\/wp-json\/wp\/v2\/product_tag?post=8639"}],"curies":[{"name":"wp","href":"https:\/\/api.w.org\/{rel}","templated":true}]}}