{"id":8648,"date":"2024-08-10T04:18:36","date_gmt":"2024-08-10T04:18:36","guid":{"rendered":"https:\/\/redlineequipment.cl\/?post_type=product&#038;p=8648"},"modified":"2024-08-10T04:19:07","modified_gmt":"2024-08-10T04:19:07","slug":"gold-class-rich-leather","status":"publish","type":"product","link":"https:\/\/redlineequipment.cl\/index.php\/producto\/gold-class-rich-leather\/","title":{"rendered":"GOLD CLASS RICH LEATHER"},"content":{"rendered":"<p>Gold Class Rich Leather<\/p>\n<p>Gold Class Rich Leather cuenta con una genial f\u00f3rmula de limpiadores suaves y seguros, que ayudan a proteger y eliminar la suciedad del cuero en m\u00faltiples ocasiones. Su concentraci\u00f3n de acondicionadores a base de Aloe Vera ayuda a humectar los tapices, mientras que los inhibidores UV protegen y evitan las resequedad del cuero por efectos del sol, manteniendo tus interiores como nuevos por m\u00e1s tiempo.<\/p>\n<p>Instrucciones de uso<br \/>\nAgite el producto antes de utilizar.<br \/>\nRoc\u00ede el producto directamente sobre una toalla de microfibra y comience a limpiar las superficies.<br \/>\nObtenga una segunda toalla de microfibra limpia para retirar el exceso de producto y obtener una terminaci\u00f3n perfecta.<\/p>\n<p>Beneficios<br \/>\nLimpiador que elimina la suciedad de los cueros sin da\u00f1ar la superficie.<br \/>\nAcondicionadores Premium con aloe, que nutren el cuero renovando el color y la suavidad.<br \/>\nContiene protectores UV que ayudan a prevenir el envejecimiento y la decoloraci\u00f3n.<\/p>\n<p>Nombre: Gold Class Rich Leather<br \/>\nFamilia: Cueros<br \/>\nFormato: 473 mL<br \/>\nUnidades x Caja: 6 Unidades<\/p>\n","protected":false},"excerpt":{"rendered":"<p>Beneficios<br \/>\nLimpiador que elimina la suciedad de los cueros sin da\u00f1ar la superficie.<br \/>\nAcondicionadores Premium con aloe, que nutren el cuero renovando el color y la suavidad.<br \/>\nContiene protectores UV que ayudan a prevenir el envejecimiento y la decoloraci\u00f3n.<\/p>\n","protected":false},"featured_media":8649,"template":"","meta":[],"product_brand":[],"product_cat":[157],"product_tag":[],"class_list":{"0":"post-8648","1":"product","2":"type-product","3":"status-publish","4":"has-post-thumbnail","6":"product_cat-meguiars","8":"first","9":"instock","10":"shipping-taxable","11":"purchasable","12":"product-type-simple"},"_links":{"self":[{"href":"https:\/\/redlineequipment.cl\/index.php\/wp-json\/wp\/v2\/product\/8648","targetHints":{"allow":["GET"]}}],"collection":[{"href":"https:\/\/redlineequipment.cl\/index.php\/wp-json\/wp\/v2\/product"}],"about":[{"href":"https:\/\/redlineequipment.cl\/index.php\/wp-json\/wp\/v2\/types\/product"}],"wp:featuredmedia":[{"embeddable":true,"href":"https:\/\/redlineequipment.cl\/index.php\/wp-json\/wp\/v2\/media\/8649"}],"wp:attachment":[{"href":"https:\/\/redlineequipment.cl\/index.php\/wp-json\/wp\/v2\/media?parent=8648"}],"wp:term":[{"taxonomy":"product_brand","embeddable":true,"href":"https:\/\/redlineequipment.cl\/index.php\/wp-json\/wp\/v2\/product_brand?post=8648"},{"taxonomy":"product_cat","embeddable":true,"href":"https:\/\/redlineequipment.cl\/index.php\/wp-json\/wp\/v2\/product_cat?post=8648"},{"taxonomy":"product_tag","embeddable":true,"href":"https:\/\/redlineequipment.cl\/index.php\/wp-json\/wp\/v2\/product_tag?post=8648"}],"curies":[{"name":"wp","href":"https:\/\/api.w.org\/{rel}","templated":true}]}}