{"id":8650,"date":"2024-08-10T04:23:15","date_gmt":"2024-08-10T04:23:15","guid":{"rendered":"https:\/\/redlineequipment.cl\/?post_type=product&#038;p=8650"},"modified":"2024-08-10T04:23:18","modified_gmt":"2024-08-10T04:23:18","slug":"air-re-fresher-mist","status":"publish","type":"product","link":"https:\/\/redlineequipment.cl\/index.php\/producto\/air-re-fresher-mist\/","title":{"rendered":"AIR RE-FRESHER MIST"},"content":{"rendered":"<p>Air Re-Fresher Mist<\/p>\n<p>\u00a1Uno de los productos m\u00e1s innovadores de Meguiar\u2019s! Simplemente act\u00edvalo al interior de tu veh\u00edculo con el ventilador a toda potencia cerrando puertas y ventanas. Al terminar, tendr\u00e1 un interior refrescante y libre de olores de todo tipo. Su agradable aroma, renueva el ambiente adentro del autom\u00f3vil, que dura por meses.<\/p>\n<p>Instrucciones de uso<br \/>\nProcure limpiar y aspirar el interior del veh\u00edculo antes de aplicar el Air Re-Fresher.<br \/>\nEncienda el veh\u00edculo y active el aire acondicionado a toda potencia con la recirculaci\u00f3n de aire prendido.<br \/>\nPosicione al centro del veh\u00edculo la lata de Air Re-Fresher y act\u00edvela cerrando inmediatamente puertas y ventanas.<br \/>\nEspere 15 minutos para que el producto se vac\u00ede completamente y luego proceda a ventilar por 5 minutos el interior del veh\u00edculo para terminar el proceso.<\/p>\n<p>Beneficios<br \/>\nUna sola aplicaci\u00f3n, elimina los olores m\u00e1s dif\u00edciles adheridos a las superficies de tu veh\u00edculo.<br \/>\nEn tan solo 15 minutos los olores de tu auto ser\u00e1n eliminados por completo.<br \/>\nTecnolog\u00eda encapsulada de aromatizante que genera una fragancia duradera.<br \/>\nDisponible en 5 aromas: New Car Scent, Citrus Grove, Summer Breeze, Black Chrome y Fiji Sunset.<\/p>\n","protected":false},"excerpt":{"rendered":"<p>Beneficios<br \/>\nUna sola aplicaci\u00f3n, elimina los olores m\u00e1s dif\u00edciles adheridos a las superficies de tu veh\u00edculo.<br \/>\nEn tan solo 15 minutos los olores de tu auto ser\u00e1n eliminados por completo.<br \/>\nTecnolog\u00eda encapsulada de aromatizante que genera una fragancia duradera.<br \/>\nDisponible en 5 aromas: New Car Scent, Citrus Grove, Summer Breeze, Black Chrome y Fiji Sunset.<\/p>\n","protected":false},"featured_media":8651,"template":"","meta":[],"product_brand":[],"product_cat":[157],"product_tag":[],"class_list":{"0":"post-8650","1":"product","2":"type-product","3":"status-publish","4":"has-post-thumbnail","6":"product_cat-meguiars","8":"first","9":"instock","10":"shipping-taxable","11":"purchasable","12":"product-type-simple"},"_links":{"self":[{"href":"https:\/\/redlineequipment.cl\/index.php\/wp-json\/wp\/v2\/product\/8650","targetHints":{"allow":["GET"]}}],"collection":[{"href":"https:\/\/redlineequipment.cl\/index.php\/wp-json\/wp\/v2\/product"}],"about":[{"href":"https:\/\/redlineequipment.cl\/index.php\/wp-json\/wp\/v2\/types\/product"}],"wp:featuredmedia":[{"embeddable":true,"href":"https:\/\/redlineequipment.cl\/index.php\/wp-json\/wp\/v2\/media\/8651"}],"wp:attachment":[{"href":"https:\/\/redlineequipment.cl\/index.php\/wp-json\/wp\/v2\/media?parent=8650"}],"wp:term":[{"taxonomy":"product_brand","embeddable":true,"href":"https:\/\/redlineequipment.cl\/index.php\/wp-json\/wp\/v2\/product_brand?post=8650"},{"taxonomy":"product_cat","embeddable":true,"href":"https:\/\/redlineequipment.cl\/index.php\/wp-json\/wp\/v2\/product_cat?post=8650"},{"taxonomy":"product_tag","embeddable":true,"href":"https:\/\/redlineequipment.cl\/index.php\/wp-json\/wp\/v2\/product_tag?post=8650"}],"curies":[{"name":"wp","href":"https:\/\/api.w.org\/{rel}","templated":true}]}}