{"id":8652,"date":"2024-08-10T04:29:36","date_gmt":"2024-08-10T04:29:36","guid":{"rendered":"https:\/\/redlineequipment.cl\/?post_type=product&#038;p=8652"},"modified":"2024-08-10T04:29:37","modified_gmt":"2024-08-10T04:29:37","slug":"ultimate-black","status":"publish","type":"product","link":"https:\/\/redlineequipment.cl\/index.php\/producto\/ultimate-black\/","title":{"rendered":"ULTIMATE BLACK"},"content":{"rendered":"<p>Ultimate Black<\/p>\n<p>\u00a1El restaurador de pl\u00e1sticos y gomas exteriores con mayor duraci\u00f3n y protecci\u00f3n! Ultimate Black est\u00e1 perfectamente dise\u00f1ado para restaurar la apariencia perdida de todos los accesorios exteriores tanto de pl\u00e1sticos, vinilos y gomas. Su avanzada tecnolog\u00eda con recubrimiento UV y secado r\u00e1pido, entrega una duraci\u00f3n superior sobre la superficie m\u00e1s all\u00e1 que los protectores convencionales incluso lavado tras lavado.<\/p>\n<p>Instrucciones de uso<br \/>\nProcure lavar y secar bien el veh\u00edculo antes de aplicar el producto.<br \/>\nAplique una peque\u00f1a cantidad de producto en una esponja aplicadora o en una toalla de microfibra limpia.<br \/>\nCon el pad aplicador humedecido, aplique en la superficie que desee trabajar para acondicionar y restaurar la tonalidad perdida.<\/p>\n<p>Beneficios<br \/>\nHace que el acabado exterior tanto de pl\u00e1sticos como gomas parezcan nuevos con una durabilidad prolongada.<br \/>\nCrea una intensa oscuridad y rico brillo mientras proporciona una excelente protecci\u00f3n contra los rayos UV.<br \/>\nDe secado r\u00e1pido, no grasoso y no se mancha con el agua.<br \/>\nDa nueva vida a todo el pl\u00e1stico exterior, molduras y gomas.<br \/>\nOscuridad y brillo que duran semanas lavado tras lavado.<\/p>\n<p>Nombre: Ultimate Black<br \/>\nFamilia: Dressing<br \/>\nFormato: 355 mL<br \/>\nUnidades x Caja: 6 Unidades<\/p>\n","protected":false},"excerpt":{"rendered":"<p>Ultimate Black \u00a1El restaurador de pl\u00e1sticos y gomas exteriores con mayor duraci\u00f3n y protecci\u00f3n! Ultimate Black est\u00e1 perfectamente dise\u00f1ado para restaurar la apariencia perdida de todos los accesorios exteriores tanto de pl\u00e1sticos, vinilos y gomas. Su avanzada tecnolog\u00eda con recubrimiento UV y secado r\u00e1pido, entrega&hellip;<\/p>\n","protected":false},"featured_media":8653,"template":"","meta":[],"product_brand":[],"product_cat":[157],"product_tag":[],"class_list":{"0":"post-8652","1":"product","2":"type-product","3":"status-publish","4":"has-post-thumbnail","6":"product_cat-meguiars","8":"first","9":"instock","10":"shipping-taxable","11":"purchasable","12":"product-type-simple"},"_links":{"self":[{"href":"https:\/\/redlineequipment.cl\/index.php\/wp-json\/wp\/v2\/product\/8652","targetHints":{"allow":["GET"]}}],"collection":[{"href":"https:\/\/redlineequipment.cl\/index.php\/wp-json\/wp\/v2\/product"}],"about":[{"href":"https:\/\/redlineequipment.cl\/index.php\/wp-json\/wp\/v2\/types\/product"}],"wp:featuredmedia":[{"embeddable":true,"href":"https:\/\/redlineequipment.cl\/index.php\/wp-json\/wp\/v2\/media\/8653"}],"wp:attachment":[{"href":"https:\/\/redlineequipment.cl\/index.php\/wp-json\/wp\/v2\/media?parent=8652"}],"wp:term":[{"taxonomy":"product_brand","embeddable":true,"href":"https:\/\/redlineequipment.cl\/index.php\/wp-json\/wp\/v2\/product_brand?post=8652"},{"taxonomy":"product_cat","embeddable":true,"href":"https:\/\/redlineequipment.cl\/index.php\/wp-json\/wp\/v2\/product_cat?post=8652"},{"taxonomy":"product_tag","embeddable":true,"href":"https:\/\/redlineequipment.cl\/index.php\/wp-json\/wp\/v2\/product_tag?post=8652"}],"curies":[{"name":"wp","href":"https:\/\/api.w.org\/{rel}","templated":true}]}}