{"id":8685,"date":"2024-11-17T00:29:16","date_gmt":"2024-11-17T00:29:16","guid":{"rendered":"https:\/\/redlineequipment.cl\/?post_type=product&#038;p=8685"},"modified":"2024-12-26T16:32:51","modified_gmt":"2024-12-26T16:32:51","slug":"maxxis-victra-maz1-76v-xl","status":"publish","type":"product","link":"https:\/\/redlineequipment.cl\/index.php\/producto\/maxxis-victra-maz1-76v-xl\/","title":{"rendered":"Maxxis VICTRA MAZ1 76V XL"},"content":{"rendered":"<p><strong>Ancho:<\/strong> 175<\/p>\n<p><strong>Aro:<\/strong> 13<\/p>\n<p><strong>Perfil:<\/strong> 50<\/p>\n<p><strong>Velocidad M\u00e1xima:<\/strong> 240 km\/h<\/p>\n<p>RADIAL DE ULTRA ALTO RENDIMIENTO MA-Z1 es un radial de ultra alto rendimiento que presenta un dise\u00f1o agresivo de la banda de rodadura unidireccional. El MA-Z1 ofrece una excelente capacidad de maniobra y curvas, as\u00ed como una tracci\u00f3n superior en seco y mojado.<\/p>\n<p>&nbsp;<\/p>\n","protected":false},"excerpt":{"rendered":"<p>El Neum\u00e1tico Maxxis VICTRA MAZ1 76V XL combina rendimiento deportivo y durabilidad. Dise\u00f1ado para brindar excelente agarre en seco y mojado, estabilidad a altas velocidades y capacidad de carga reforzada, es ideal para veh\u00edculos que buscan un equilibrio entre seguridad y desempe\u00f1o.<\/p>\n<p><a class=\"whatsapp-button\" style=\"display: inline-flex; align-items: center; padding: 10px 20px; background-color: #25d366; color: white; text-decoration: none; border-radius: 5px; font-size: 18px; font-weight: bold;\" href=\"https:\/\/wa.me\/56968421568?text=Hola, estoy interesado en el Neum\u00e1tico Maxxis\"><br \/>\n<img decoding=\"async\" style=\"width: 24px; height: 24px; margin-right: 10px; vertical-align: middle;\" src=\"https:\/\/upload.wikimedia.org\/wikipedia\/commons\/6\/6b\/WhatsApp.svg\" alt=\"WhatsApp\" \/>Cotizar<br \/>\n<\/a><\/p>\n","protected":false},"featured_media":8686,"template":"","meta":[],"product_brand":[],"product_cat":[113],"product_tag":[],"class_list":{"0":"post-8685","1":"product","2":"type-product","3":"status-publish","4":"has-post-thumbnail","6":"product_cat-neumaticos","8":"first","9":"instock","10":"shipping-taxable","11":"product-type-simple"},"_links":{"self":[{"href":"https:\/\/redlineequipment.cl\/index.php\/wp-json\/wp\/v2\/product\/8685","targetHints":{"allow":["GET"]}}],"collection":[{"href":"https:\/\/redlineequipment.cl\/index.php\/wp-json\/wp\/v2\/product"}],"about":[{"href":"https:\/\/redlineequipment.cl\/index.php\/wp-json\/wp\/v2\/types\/product"}],"wp:featuredmedia":[{"embeddable":true,"href":"https:\/\/redlineequipment.cl\/index.php\/wp-json\/wp\/v2\/media\/8686"}],"wp:attachment":[{"href":"https:\/\/redlineequipment.cl\/index.php\/wp-json\/wp\/v2\/media?parent=8685"}],"wp:term":[{"taxonomy":"product_brand","embeddable":true,"href":"https:\/\/redlineequipment.cl\/index.php\/wp-json\/wp\/v2\/product_brand?post=8685"},{"taxonomy":"product_cat","embeddable":true,"href":"https:\/\/redlineequipment.cl\/index.php\/wp-json\/wp\/v2\/product_cat?post=8685"},{"taxonomy":"product_tag","embeddable":true,"href":"https:\/\/redlineequipment.cl\/index.php\/wp-json\/wp\/v2\/product_tag?post=8685"}],"curies":[{"name":"wp","href":"https:\/\/api.w.org\/{rel}","templated":true}]}}